{"id":2098,"date":"2020-02-10T13:10:52","date_gmt":"2020-02-10T13:10:52","guid":{"rendered":"http:\/\/enervation.eu\/?page_id=2098"},"modified":"2020-02-19T14:16:50","modified_gmt":"2020-02-19T14:16:50","slug":"tuerkisch","status":"publish","type":"page","link":"http:\/\/enervation.eu\/tr\/tuerkisch\/","title":{"rendered":"Bad: Thema Wasser &#8211; Level 1"},"content":{"rendered":"\n<style type='text\/css'>\n\t\t\/* Onpage CSS generated by WatuPRO *\/\n\t\tdiv.quiz-area {\n\t      font-size: 16\n\t   }\ndiv.watu-question, div.show-question {\nmargin-bottom: 12px !important;\nfont-size: 20!important;\n}\n.question-choices, .show-question-choices {\nmargin-top: 10px !important;\nfont-size: 20 !important;\n}\ninput.watupro-gap, select.watupro-gap {\nfont-size: 16 !important;\n}\n.watupro_buttons input, input.watupro-start-quiz, button.watupro-start-quiz {\nwidth:100px !important;height:40px !important;font-size:14px !important;}\n.watupro-question-choice span {\n\t\t  display: inline !important;\n\t\t}\n\t\t<\/style><script type=\"text\/javascript\" >\nif(!window.jQuery) alert(\"jQuery is not properly loaded in the header. Your blog theme is probably missing the wp_head() call. Please contact your theme developer.\");\n<\/script>    \n<div  id=\"watupro_quiz\" class=\"quiz-area \">\n<p id=\"submittingExam27\" style=\"display:none;text-align:center;\"><img decoding=\"async\" src=\"http:\/\/enervation.eu\/wp-content\/plugins\/watupro\/img\/loading.gif\"><\/p>\n\n<div class=\"watupro-exam-description\" id=\"description-quiz-27\"><h4><img decoding=\"async\" class=\"wp-image-824 aligncenter\" src=\"http:\/\/enervation.eu\/wp-content\/uploads\/2019\/02\/bad.png\" alt=\"\" width=\"78\" height=\"78\" srcset=\"http:\/\/enervation.eu\/wp-content\/uploads\/2019\/02\/bad.png 600w, http:\/\/enervation.eu\/wp-content\/uploads\/2019\/02\/bad-150x150.png 150w, http:\/\/enervation.eu\/wp-content\/uploads\/2019\/02\/bad-300x300.png 300w, http:\/\/enervation.eu\/wp-content\/uploads\/2019\/02\/bad-230x230.png 230w, http:\/\/enervation.eu\/wp-content\/uploads\/2019\/02\/bad-350x350.png 350w, http:\/\/enervation.eu\/wp-content\/uploads\/2019\/02\/bad-480x480.png 480w\" sizes=\"(max-width: 78px) 100vw, 78px\" \/><\/h4>\n<h4 style=\"text-align: left;\"><\/h4>\n<\/div>\n\n<form action=\"\" method=\"post\" class=\"quiz-form\" id=\"quiz-27\"  enctype=\"multipart\/form-data\" >\n<div class='watupro-paginator-wrap' style='display:none;'><ul class='watupro-paginator watupro-question-paginator watupro-paginator-custom '><li class=\"active\" id='WatuPROPagination1' onclick='WatuPRO.goto(event, 1);'>1<\/li><li  id='WatuPROPagination2' onclick='WatuPRO.goto(event, 2);'>2<\/li><li  id='WatuPROPagination3' onclick='WatuPRO.goto(event, 3);'>3<\/li><li  id='WatuPROPagination4' onclick='WatuPRO.goto(event, 4);'>4<\/li><li  id='WatuPROPagination5' onclick='WatuPRO.goto(event, 5);'>5<\/li><li  id='WatuPROPagination6' onclick='WatuPRO.goto(event, 6);'>6<\/li><\/ul><\/div><div id=\"watupro-progress-container-27\" class=\"watupro-progress-container\">\n  \t\t\t\t<div class=\"watupro-progress-bar\" id=\"watupro-progress-bar-27\" style=\"width:17%;\">&nbsp;<span class=\"watupro-progress-percent\" id=\"watupro-progress-bar-percent-27\">17%<\/span><\/div>\n\t\t<\/div><input type=\"hidden\" value=\"6\" id=\"watupro-progress-bar-pages-27\"><div class='watu-question ' id='question-1'><div id='questionWrap-1'  class=' '>\n\t\t\t<div class='question-content' ><h5>Du\u015f al\u0131rken \u00e7evrenin korunmas\u0131na nas\u0131l yard\u0131mc\u0131 olabilirsin?<\/h5>\n<input type='hidden' name='question_id[]' id='qID_1' value='157' \/><input type='hidden' id='answerType157' value='radio'><!-- end question-content--><\/div><div class='question-choices watupro-choices-columns '><div class='watupro-question-choice watupro-3-columns' dir='auto' ><input type='radio' name='answer-157[]' id='answer-id-477' class='answer   answerof-157' value='477'   \/><label for='answer-id-477' id='answer-label-477' class=' answer'><span>M\u00fcmk\u00fcn olan en k\u0131sa s\u00fcrede du\u015f alarak, daha az su t\u00fcketir<\/span><\/label><\/div><div class='watupro-question-choice watupro-3-columns' dir='auto' ><input type='radio' name='answer-157[]' id='answer-id-476' class='answer   answerof-157' value='476'   \/><label for='answer-id-476' id='answer-label-476' class=' answer'><span>Hic du\u015f almayarak, banyo almay\u0131 tercih ederek \r\n<\/span><\/label><\/div><div class='watupro-question-choice watupro-3-columns' dir='auto' ><input type='radio' name='answer-157[]' id='answer-id-478' class='answer   answerof-157' value='478'   \/><label for='answer-id-478' id='answer-label-478' class=' answer'><span>Du\u015fta \u015fark\u0131 s\u00f6ylerken do\u011fru notay\u0131 vurmak <\/span><\/label><\/div><!-- end question-choices--><\/div><!-- end questionWrap--><\/div>\t\t\t\t\t<div style=\"display:none;\" id='liveResult-1'>\t\t   \n\t\t\t\t\t\t<img decoding=\"async\" src=\"http:\/\/enervation.eu\/wp-content\/plugins\/watupro\/img\/loading.gif\" width=\"16\" height=\"16\" alt=\"Loading...\" title=\"Loading...\" \/>&nbsp;Loading...\t\t\t\t\t<\/div>\t\n\t\t\t\t<\/div><div class='watu-question ' id='question-2'><div id='questionWrap-2'  class=' '>\n\t\t\t<div class='question-content' ><h5>Her g\u00fcn evde suyu nerede kullan\u0131yorsun? E\u015fle\u015fen maddeleri e\u015fle\u015ftir.<\/h5><div class='question-choices'><table class=\"question-choices watupro-matrix-droppable\" id=\"watuPROMatrixDroppable_158\"><tr><td class=\"watupro-matrix-left-cell\"><img decoding=\"async\" src=\"http:\/\/enervation.eu\/wp-content\/uploads\/2019\/10\/bottles.png\" height=\"70\" width=\"70\"><\/td>\n\t\t\t\t\t\t<td class=\"watupro-matrix-right-cell watuPRODroppable158\" id=\"watuPRODroppableCell479\"><div class='question-choices'><div class=\"watupro-matrix-right\"><div id=\"watuproNMatrixSelection-0-0\" class=\" watupro-matrix-draggable watupro-nmatrix-answer-0\" onclick=\"WatuPROINMatrix.sel(this, 'watuPRODroppableCell479', 0);return false;\">Du\u015f veya banyo almak\r\n<!--WTPMD563efcfa6aa12e28b3df9319ec99cb43f--><p class=\"watupro-nmatrix-unselect\">se\u00e7ene\u011fi kald\u0131r<\/p><\/div><div id=\"watuproNMatrixSelection-0-1\" class=\" watupro-matrix-draggable watupro-nmatrix-answer-1\" onclick=\"WatuPROINMatrix.sel(this, 'watuPRODroppableCell479', 1);return false;\">Bitkileri sulamak\r\n<!--WTPMD51b43b0ee7257ca09e7802bf2d163052a--><p class=\"watupro-nmatrix-unselect\">se\u00e7ene\u011fi kald\u0131r<\/p><\/div><div id=\"watuproNMatrixSelection-0-2\" class=\" watupro-matrix-draggable watupro-nmatrix-answer-2\" onclick=\"WatuPROINMatrix.sel(this, 'watuPRODroppableCell479', 2);return false;\">i\u00e7mek<!--WTPMD52a82674ef8cc7e57b181c08a37647eb9--><p class=\"watupro-nmatrix-unselect\">se\u00e7ene\u011fi kald\u0131r<\/p><\/div><div id=\"watuproNMatrixSelection-0-3\" class=\" watupro-matrix-draggable watupro-nmatrix-answer-3\" onclick=\"WatuPROINMatrix.sel(this, 'watuPRODroppableCell479', 3);return false;\">Ellerini y\u0131kamak \r\n<!--WTPMD523e1017b4d2f2dc8f871c9eb97cd387d--><p class=\"watupro-nmatrix-unselect\">se\u00e7ene\u011fi kald\u0131r<\/p><\/div><\/div><\/div><input type=\"hidden\" class=\"answerof-158 watupro-nmatrix-answer-field\"  id=\"field-watuPRODroppableCell479\" name=\"matrix-left-479\" value=\"\"><\/td><\/tr><tr><td class=\"watupro-matrix-left-cell\"><img loading=\"lazy\" decoding=\"async\" src=\"http:\/\/enervation.eu\/wp-content\/uploads\/2019\/10\/haendewaschen.png\" height=\"80\" width=\"80\"><\/td>\n\t\t\t\t\t\t<td class=\"watupro-matrix-right-cell watuPRODroppable158\" id=\"watuPRODroppableCell480\"><div class='question-choices'><div class=\"watupro-matrix-right\"><div id=\"watuproNMatrixSelection-1-0\" class=\" watupro-matrix-draggable watupro-nmatrix-answer-0\" onclick=\"WatuPROINMatrix.sel(this, 'watuPRODroppableCell480', 0);return false;\">Du\u015f veya banyo almak\r\n<!--WTPMD563efcfa6aa12e28b3df9319ec99cb43f--><p class=\"watupro-nmatrix-unselect\">se\u00e7ene\u011fi kald\u0131r<\/p><\/div><div id=\"watuproNMatrixSelection-1-1\" class=\" watupro-matrix-draggable watupro-nmatrix-answer-1\" onclick=\"WatuPROINMatrix.sel(this, 'watuPRODroppableCell480', 1);return false;\">Bitkileri sulamak\r\n<!--WTPMD51b43b0ee7257ca09e7802bf2d163052a--><p class=\"watupro-nmatrix-unselect\">se\u00e7ene\u011fi kald\u0131r<\/p><\/div><div id=\"watuproNMatrixSelection-1-2\" class=\" watupro-matrix-draggable watupro-nmatrix-answer-2\" onclick=\"WatuPROINMatrix.sel(this, 'watuPRODroppableCell480', 2);return false;\">i\u00e7mek<!--WTPMD52a82674ef8cc7e57b181c08a37647eb9--><p class=\"watupro-nmatrix-unselect\">se\u00e7ene\u011fi kald\u0131r<\/p><\/div><div id=\"watuproNMatrixSelection-1-3\" class=\" watupro-matrix-draggable watupro-nmatrix-answer-3\" onclick=\"WatuPROINMatrix.sel(this, 'watuPRODroppableCell480', 3);return false;\">Ellerini y\u0131kamak \r\n<!--WTPMD523e1017b4d2f2dc8f871c9eb97cd387d--><p class=\"watupro-nmatrix-unselect\">se\u00e7ene\u011fi kald\u0131r<\/p><\/div><\/div><\/div><input type=\"hidden\" class=\"answerof-158 watupro-nmatrix-answer-field\"  id=\"field-watuPRODroppableCell480\" name=\"matrix-left-480\" value=\"\"><\/td><\/tr><tr><td class=\"watupro-matrix-left-cell\"><img loading=\"lazy\" decoding=\"async\" src=\"http:\/\/enervation.eu\/wp-content\/uploads\/2019\/10\/bathtub.png\" height=\"85\" width=\"85\"><\/td>\n\t\t\t\t\t\t<td class=\"watupro-matrix-right-cell watuPRODroppable158\" id=\"watuPRODroppableCell481\"><div class='question-choices'><div class=\"watupro-matrix-right\"><div id=\"watuproNMatrixSelection-2-0\" class=\" watupro-matrix-draggable watupro-nmatrix-answer-0\" onclick=\"WatuPROINMatrix.sel(this, 'watuPRODroppableCell481', 0);return false;\">Du\u015f veya banyo almak\r\n<!--WTPMD563efcfa6aa12e28b3df9319ec99cb43f--><p class=\"watupro-nmatrix-unselect\">se\u00e7ene\u011fi kald\u0131r<\/p><\/div><div id=\"watuproNMatrixSelection-2-1\" class=\" watupro-matrix-draggable watupro-nmatrix-answer-1\" onclick=\"WatuPROINMatrix.sel(this, 'watuPRODroppableCell481', 1);return false;\">Bitkileri sulamak\r\n<!--WTPMD51b43b0ee7257ca09e7802bf2d163052a--><p class=\"watupro-nmatrix-unselect\">se\u00e7ene\u011fi kald\u0131r<\/p><\/div><div id=\"watuproNMatrixSelection-2-2\" class=\" watupro-matrix-draggable watupro-nmatrix-answer-2\" onclick=\"WatuPROINMatrix.sel(this, 'watuPRODroppableCell481', 2);return false;\">i\u00e7mek<!--WTPMD52a82674ef8cc7e57b181c08a37647eb9--><p class=\"watupro-nmatrix-unselect\">se\u00e7ene\u011fi kald\u0131r<\/p><\/div><div id=\"watuproNMatrixSelection-2-3\" class=\" watupro-matrix-draggable watupro-nmatrix-answer-3\" onclick=\"WatuPROINMatrix.sel(this, 'watuPRODroppableCell481', 3);return false;\">Ellerini y\u0131kamak \r\n<!--WTPMD523e1017b4d2f2dc8f871c9eb97cd387d--><p class=\"watupro-nmatrix-unselect\">se\u00e7ene\u011fi kald\u0131r<\/p><\/div><\/div><\/div><input type=\"hidden\" class=\"answerof-158 watupro-nmatrix-answer-field\"  id=\"field-watuPRODroppableCell481\" name=\"matrix-left-481\" value=\"\"><\/td><\/tr><tr><td class=\"watupro-matrix-left-cell\"><img loading=\"lazy\" decoding=\"async\" src=\"http:\/\/enervation.eu\/wp-content\/uploads\/2019\/10\/watering.png\" height=\"90\" width=\"90\"><\/td>\n\t\t\t\t\t\t<td class=\"watupro-matrix-right-cell watuPRODroppable158\" id=\"watuPRODroppableCell482\"><div class='question-choices'><div class=\"watupro-matrix-right\"><div id=\"watuproNMatrixSelection-3-0\" class=\" watupro-matrix-draggable watupro-nmatrix-answer-0\" onclick=\"WatuPROINMatrix.sel(this, 'watuPRODroppableCell482', 0);return false;\">Du\u015f veya banyo almak\r\n<!--WTPMD563efcfa6aa12e28b3df9319ec99cb43f--><p class=\"watupro-nmatrix-unselect\">se\u00e7ene\u011fi kald\u0131r<\/p><\/div><div id=\"watuproNMatrixSelection-3-1\" class=\" watupro-matrix-draggable watupro-nmatrix-answer-1\" onclick=\"WatuPROINMatrix.sel(this, 'watuPRODroppableCell482', 1);return false;\">Bitkileri sulamak\r\n<!--WTPMD51b43b0ee7257ca09e7802bf2d163052a--><p class=\"watupro-nmatrix-unselect\">se\u00e7ene\u011fi kald\u0131r<\/p><\/div><div id=\"watuproNMatrixSelection-3-2\" class=\" watupro-matrix-draggable watupro-nmatrix-answer-2\" onclick=\"WatuPROINMatrix.sel(this, 'watuPRODroppableCell482', 2);return false;\">i\u00e7mek<!--WTPMD52a82674ef8cc7e57b181c08a37647eb9--><p class=\"watupro-nmatrix-unselect\">se\u00e7ene\u011fi kald\u0131r<\/p><\/div><div id=\"watuproNMatrixSelection-3-3\" class=\" watupro-matrix-draggable watupro-nmatrix-answer-3\" onclick=\"WatuPROINMatrix.sel(this, 'watuPRODroppableCell482', 3);return false;\">Ellerini y\u0131kamak \r\n<!--WTPMD523e1017b4d2f2dc8f871c9eb97cd387d--><p class=\"watupro-nmatrix-unselect\">se\u00e7ene\u011fi kald\u0131r<\/p><\/div><\/div><\/div><input type=\"hidden\" class=\"answerof-158 watupro-nmatrix-answer-field\"  id=\"field-watuPRODroppableCell482\" name=\"matrix-left-482\" value=\"\"><\/td><\/tr><\/table><\/div><input type='hidden' name='question_id[]' id='qID_2' value='158' \/><input type='hidden' id='answerType158' value='nmatrix'><!-- end question-content--><\/div><!-- end questionWrap--><\/div>\t\t\t\t\t<div style=\"display:none;\" id='liveResult-2'>\t\t   \n\t\t\t\t\t\t<img decoding=\"async\" src=\"http:\/\/enervation.eu\/wp-content\/plugins\/watupro\/img\/loading.gif\" width=\"16\" height=\"16\" alt=\"Loading...\" title=\"Loading...\" \/>&nbsp;Loading...\t\t\t\t\t<\/div>\t\n\t\t\t\t<\/div><div class='watu-question ' id='question-3'><div id='questionWrap-3'  class=' '>\n\t\t\t<div class='question-content' ><p><img loading=\"lazy\" decoding=\"async\" class=\"size-thumbnail wp-image-472 aligncenter\" src=\"http:\/\/enervation.eu\/wp-content\/uploads\/2019\/01\/Tab-150x150.png\" alt=\"\" width=\"150\" height=\"150\" \/><\/p>\n<h5>Di\u015flerinizi f\u0131r\u00e7alarken muslu\u011fu kapatarak paradan tasarruf edebilir misin?<\/h5>\n<input type='hidden' name='question_id[]' id='qID_3' value='159' \/><input type='hidden' id='answerType159' value='radio'><!-- end question-content--><\/div><div class='question-choices watupro-choices-columns '><div class='watupro-question-choice watupro-2-columns' dir='auto' ><input type='radio' name='answer-159[]' id='answer-id-483' class='answer   answerof-159' value='483'   \/><label for='answer-id-483' id='answer-label-483' class=' answer'><span>Evet <\/span><\/label><\/div><div class='watupro-question-choice watupro-2-columns' dir='auto' ><input type='radio' name='answer-159[]' id='answer-id-484' class='answer   answerof-159' value='484'   \/><label for='answer-id-484' id='answer-label-484' class=' answer'><span>Hay\u0131r<\/span><\/label><\/div><!-- end question-choices--><\/div><!-- end questionWrap--><\/div>\t\t\t\t\t<div style=\"display:none;\" id='liveResult-3'>\t\t   \n\t\t\t\t\t\t<img decoding=\"async\" src=\"http:\/\/enervation.eu\/wp-content\/plugins\/watupro\/img\/loading.gif\" width=\"16\" height=\"16\" alt=\"Loading...\" title=\"Loading...\" \/>&nbsp;Loading...\t\t\t\t\t<\/div>\t\n\t\t\t\t<\/div><div class='watu-question ' id='question-4'><div id='questionWrap-4'  class=' '>\n\t\t\t<div class='question-content' ><h5>Okyanuslar\u0131n kirlenmesi (\u00f6rne\u011fin plastik yoluyla) artt\u0131\u011f\u0131 do\u011fru mu?<\/h5>\n<input type='hidden' name='question_id[]' id='qID_4' value='160' \/><input type='hidden' id='answerType160' value='radio'><!-- end question-content--><\/div><div class='question-choices watupro-choices-columns '><div class='watupro-question-choice watupro-2-columns' dir='auto' ><input type='radio' name='answer-160[]' id='answer-id-485' class='answer   answerof-160' value='485'   \/><label for='answer-id-485' id='answer-label-485' class=' answer'><span>Evet <\/span><\/label><\/div><div class='watupro-question-choice watupro-2-columns' dir='auto' ><input type='radio' name='answer-160[]' id='answer-id-486' class='answer   answerof-160' value='486'   \/><label for='answer-id-486' id='answer-label-486' class=' answer'><span>Hay\u0131r<\/span><\/label><\/div><!-- end question-choices--><\/div><!-- end questionWrap--><\/div>\t\t\t\t\t<div style=\"display:none;\" id='liveResult-4'>\t\t   \n\t\t\t\t\t\t<img decoding=\"async\" src=\"http:\/\/enervation.eu\/wp-content\/plugins\/watupro\/img\/loading.gif\" width=\"16\" height=\"16\" alt=\"Loading...\" title=\"Loading...\" \/>&nbsp;Loading...\t\t\t\t\t<\/div>\t\n\t\t\t\t<\/div><div class='watu-question ' id='question-5'><div id='questionWrap-5'  class=' '>\n\t\t\t<div class='question-content' ><h5>Her g\u00fcn banyoda suyu nas\u0131l kullan\u0131yorsun? E\u015fle\u015ftir.<\/h5><div class='question-choices'><table class=\"question-choices watupro-matrix-droppable\" id=\"watuPROMatrixDroppable_161\"><tr><td class=\"watupro-matrix-left-cell\"><img loading=\"lazy\" decoding=\"async\" src=\"http:\/\/enervation.eu\/wp-content\/uploads\/2019\/10\/toiletries.png\" height=\"65\" width=\"65\"><\/td>\n\t\t\t\t\t\t<td class=\"watupro-matrix-right-cell watuPRODroppable161\" id=\"watuPRODroppableCell487\"><div class='question-choices'><div class=\"watupro-matrix-right\"><div id=\"watuproNMatrixSelection-0-0\" class=\" watupro-matrix-draggable watupro-nmatrix-answer-0\" onclick=\"WatuPROINMatrix.sel(this, 'watuPRODroppableCell487', 0);return false;\">Di\u015flerini f\u0131r\u00e7alamak <!--WTPMD5d07dcf2327a389c603d3b639d37d146f--><p class=\"watupro-nmatrix-unselect\">se\u00e7ene\u011fi kald\u0131r<\/p><\/div><div id=\"watuproNMatrixSelection-0-1\" class=\" watupro-matrix-draggable watupro-nmatrix-answer-1\" onclick=\"WatuPROINMatrix.sel(this, 'watuPRODroppableCell487', 1);return false;\">Tuvaleti kullanmak  \r\n<!--WTPMD58f0f7263c03ec040051a01aaa3b75294--><p class=\"watupro-nmatrix-unselect\">se\u00e7ene\u011fi kald\u0131r<\/p><\/div><div id=\"watuproNMatrixSelection-0-2\" class=\" watupro-matrix-draggable watupro-nmatrix-answer-2\" onclick=\"WatuPROINMatrix.sel(this, 'watuPRODroppableCell487', 2);return false;\">Du\u015f almak<!--WTPMD53a2d71de82e2493d38df79dba42db2d2--><p class=\"watupro-nmatrix-unselect\">se\u00e7ene\u011fi kald\u0131r<\/p><\/div><\/div><\/div><input type=\"hidden\" class=\"answerof-161 watupro-nmatrix-answer-field\"  id=\"field-watuPRODroppableCell487\" name=\"matrix-left-487\" value=\"\"><\/td><\/tr><tr><td class=\"watupro-matrix-left-cell\"><img loading=\"lazy\" decoding=\"async\" src=\"http:\/\/enervation.eu\/wp-content\/uploads\/2019\/09\/toilet.png\" height=\"70\" width=\"70\"><\/td>\n\t\t\t\t\t\t<td class=\"watupro-matrix-right-cell watuPRODroppable161\" id=\"watuPRODroppableCell488\"><div class='question-choices'><div class=\"watupro-matrix-right\"><div id=\"watuproNMatrixSelection-1-0\" class=\" watupro-matrix-draggable watupro-nmatrix-answer-0\" onclick=\"WatuPROINMatrix.sel(this, 'watuPRODroppableCell488', 0);return false;\">Di\u015flerini f\u0131r\u00e7alamak <!--WTPMD5d07dcf2327a389c603d3b639d37d146f--><p class=\"watupro-nmatrix-unselect\">se\u00e7ene\u011fi kald\u0131r<\/p><\/div><div id=\"watuproNMatrixSelection-1-1\" class=\" watupro-matrix-draggable watupro-nmatrix-answer-1\" onclick=\"WatuPROINMatrix.sel(this, 'watuPRODroppableCell488', 1);return false;\">Tuvaleti kullanmak  \r\n<!--WTPMD58f0f7263c03ec040051a01aaa3b75294--><p class=\"watupro-nmatrix-unselect\">se\u00e7ene\u011fi kald\u0131r<\/p><\/div><div id=\"watuproNMatrixSelection-1-2\" class=\" watupro-matrix-draggable watupro-nmatrix-answer-2\" onclick=\"WatuPROINMatrix.sel(this, 'watuPRODroppableCell488', 2);return false;\">Du\u015f almak<!--WTPMD53a2d71de82e2493d38df79dba42db2d2--><p class=\"watupro-nmatrix-unselect\">se\u00e7ene\u011fi kald\u0131r<\/p><\/div><\/div><\/div><input type=\"hidden\" class=\"answerof-161 watupro-nmatrix-answer-field\"  id=\"field-watuPRODroppableCell488\" name=\"matrix-left-488\" value=\"\"><\/td><\/tr><tr><td class=\"watupro-matrix-left-cell\"><img loading=\"lazy\" decoding=\"async\" src=\"http:\/\/enervation.eu\/wp-content\/uploads\/2019\/10\/bathtub.png\" height=\"65\" width=\"65\"><\/td>\n\t\t\t\t\t\t<td class=\"watupro-matrix-right-cell watuPRODroppable161\" id=\"watuPRODroppableCell489\"><div class='question-choices'><div class=\"watupro-matrix-right\"><div id=\"watuproNMatrixSelection-2-0\" class=\" watupro-matrix-draggable watupro-nmatrix-answer-0\" onclick=\"WatuPROINMatrix.sel(this, 'watuPRODroppableCell489', 0);return false;\">Di\u015flerini f\u0131r\u00e7alamak <!--WTPMD5d07dcf2327a389c603d3b639d37d146f--><p class=\"watupro-nmatrix-unselect\">se\u00e7ene\u011fi kald\u0131r<\/p><\/div><div id=\"watuproNMatrixSelection-2-1\" class=\" watupro-matrix-draggable watupro-nmatrix-answer-1\" onclick=\"WatuPROINMatrix.sel(this, 'watuPRODroppableCell489', 1);return false;\">Tuvaleti kullanmak  \r\n<!--WTPMD58f0f7263c03ec040051a01aaa3b75294--><p class=\"watupro-nmatrix-unselect\">se\u00e7ene\u011fi kald\u0131r<\/p><\/div><div id=\"watuproNMatrixSelection-2-2\" class=\" watupro-matrix-draggable watupro-nmatrix-answer-2\" onclick=\"WatuPROINMatrix.sel(this, 'watuPRODroppableCell489', 2);return false;\">Du\u015f almak<!--WTPMD53a2d71de82e2493d38df79dba42db2d2--><p class=\"watupro-nmatrix-unselect\">se\u00e7ene\u011fi kald\u0131r<\/p><\/div><\/div><\/div><input type=\"hidden\" class=\"answerof-161 watupro-nmatrix-answer-field\"  id=\"field-watuPRODroppableCell489\" name=\"matrix-left-489\" value=\"\"><\/td><\/tr><\/table><\/div><input type='hidden' name='question_id[]' id='qID_5' value='161' \/><input type='hidden' id='answerType161' value='nmatrix'><!-- end question-content--><\/div><!-- end questionWrap--><\/div>\t\t\t\t\t<div style=\"display:none;\" id='liveResult-5'>\t\t   \n\t\t\t\t\t\t<img decoding=\"async\" src=\"http:\/\/enervation.eu\/wp-content\/plugins\/watupro\/img\/loading.gif\" width=\"16\" height=\"16\" alt=\"Loading...\" title=\"Loading...\" \/>&nbsp;Loading...\t\t\t\t\t<\/div>\t\n\t\t\t\t<\/div><div class='watu-question ' id='question-6'><div id='questionWrap-6'  class=' '>\n\t\t\t<div class='question-content' ><h5 style=\"text-align: left;\"><strong>Burnunu banyoda temizledin ve mendilini \u00e7abucak atmak istiyorsun. Bir su tasarruf\u00e7usu olarak mendili tuvalete at\u0131p suyu \u00e7ekmek do\u011fru mu dur?<\/strong><\/h5>\n<p><img loading=\"lazy\" decoding=\"async\" class=\"wp-image-1807 alignleft\" src=\"http:\/\/enervation.eu\/wp-content\/uploads\/2019\/09\/Bildschirmfoto-2019-09-04-um-17.16.50.png\" alt=\"\" width=\"327\" height=\"172\" srcset=\"http:\/\/enervation.eu\/wp-content\/uploads\/2019\/09\/Bildschirmfoto-2019-09-04-um-17.16.50.png 286w, http:\/\/enervation.eu\/wp-content\/uploads\/2019\/09\/Bildschirmfoto-2019-09-04-um-17.16.50-230x121.png 230w\" sizes=\"(max-width: 327px) 100vw, 327px\" \/><\/p>\n<input type='hidden' name='question_id[]' id='qID_6' value='162' \/><input type='hidden' id='answerType162' value='radio'><!-- end question-content--><\/div><div class='question-choices watupro-choices-columns '><div class='watupro-question-choice watupro-2-columns' dir='auto' ><input type='radio' name='answer-162[]' id='answer-id-490' class='answer   answerof-162' value='490'   \/><label for='answer-id-490' id='answer-label-490' class=' answer'><span><h2><strong>Evet<\/strong><\/h2><\/span><\/label><\/div><div class='watupro-question-choice watupro-2-columns' dir='auto' ><input type='radio' name='answer-162[]' id='answer-id-491' class='answer   answerof-162' value='491'   \/><label for='answer-id-491' id='answer-label-491' class=' answer'><span><h2><strong>Hay\u0131r<\/strong><\/h2><\/span><\/label><\/div><!-- end question-choices--><\/div><!-- end questionWrap--><\/div>\t\t\t\t\t<div style=\"display:none;\" id='liveResult-6'>\t\t   \n\t\t\t\t\t\t<img decoding=\"async\" src=\"http:\/\/enervation.eu\/wp-content\/plugins\/watupro\/img\/loading.gif\" width=\"16\" height=\"16\" alt=\"Loading...\" title=\"Loading...\" \/>&nbsp;Loading...\t\t\t\t\t<\/div>\t\n\t\t\t\t<\/div><div style='display:none' id='question-7'>\n\t<div class='question-content'>\n\t\t<img decoding=\"async\" src=\"http:\/\/enervation.eu\/wp-content\/plugins\/watupro\/img\/loading.gif\" width=\"16\" height=\"16\" alt=\"Loading...\" title=\"Loading...\" \/>&nbsp;Loading...\t<\/div>\n<\/div>\n\n<br \/>\n\t\n\t<table class=\"watupro_buttons\" id=\"watuPROButtons27\"><tr>\t\n\t<input type=\"hidden\" id=\"prev-question\">  <td id=\"next-question\"><input type=\"button\" value=\"\u0130leri &gt;\" onclick=\"WatuPRO.nextQuestion(event);\" \/><\/td>   <td><input type=\"button\" id=\"liveResultBtn\" value=\"\u00c7\u00f6z\u00fcm\" onclick=\"WatuPRO.liveResult();\"><\/td>    \t<td><input type=\"button\" name=\"action\" onclick=\"WatuPRO.submitResult(event)\" id=\"action-button\" value=\"Fertig\" style='display:none;' \/>\n\t<\/td>\n\t<\/tr><\/table>\n\t<input type=\"hidden\" name=\"quiz_id\" value=\"27\" id=\"watuPROExamID\"\/>\n\t<input type=\"hidden\" name=\"start_time\" id=\"startTime\" value=\"2026-04-09 09:15:12\" \/>\n\t<input type=\"hidden\" name=\"question_ids\" value=\"\" \/>\n\t<input type=\"hidden\" name=\"watupro_questions\" value=\"157:477,476,478 | 158:479,480,481,482 | 159:483,484 | 160:485,486 | 161:487,488,489 | 162:490,491\" \/>\n\t<input type=\"hidden\" name=\"no_ajax\" value=\"0\">\t\t\t<\/form>\n\t<p>&nbsp;<\/p>\n<\/div>\n\n<script type=\"text\/javascript\">\njQuery(document).ready(function(){\nvar question_ids = \"157,158,159,160,161,162\";\nWatuPROSettings[27] = {};\nWatuPRO.qArr = question_ids.split(',');\nWatuPRO.exam_id = 27;\t    \nWatuPRO.post_id = 2098;\nWatuPRO.store_progress = 0;\nWatuPRO.requiredIDs=\"0\".split(\",\");\nWatuPRO.hAppID = \"0.72756200 1775726112\";\nvar url = \"http:\/\/enervation.eu\/wp-content\/plugins\/watupro\/show_exam.php\";\nWatuPRO.examMode = 0;\nWatuPRO.siteURL=\"http:\/\/enervation.eu\/wp-admin\/admin-ajax.php\";\nWatuPRO.LiveResultNoAnswer = true;\nWatuPROIntel.init(27);\n});    \t \n<\/script>\n","protected":false},"excerpt":{"rendered":"","protected":false},"author":2,"featured_media":0,"parent":0,"menu_order":0,"comment_status":"closed","ping_status":"closed","template":"","meta":{"footnotes":""},"class_list":["post-2098","page","type-page","status-publish","hentry"],"_links":{"self":[{"href":"http:\/\/enervation.eu\/tr\/wp-json\/wp\/v2\/pages\/2098","targetHints":{"allow":["GET"]}}],"collection":[{"href":"http:\/\/enervation.eu\/tr\/wp-json\/wp\/v2\/pages"}],"about":[{"href":"http:\/\/enervation.eu\/tr\/wp-json\/wp\/v2\/types\/page"}],"author":[{"embeddable":true,"href":"http:\/\/enervation.eu\/tr\/wp-json\/wp\/v2\/users\/2"}],"replies":[{"embeddable":true,"href":"http:\/\/enervation.eu\/tr\/wp-json\/wp\/v2\/comments?post=2098"}],"version-history":[{"count":5,"href":"http:\/\/enervation.eu\/tr\/wp-json\/wp\/v2\/pages\/2098\/revisions"}],"predecessor-version":[{"id":2337,"href":"http:\/\/enervation.eu\/tr\/wp-json\/wp\/v2\/pages\/2098\/revisions\/2337"}],"wp:attachment":[{"href":"http:\/\/enervation.eu\/tr\/wp-json\/wp\/v2\/media?parent=2098"}],"curies":[{"name":"wp","href":"https:\/\/api.w.org\/{rel}","templated":true}]}}