{"id":245,"date":"2018-12-16T19:27:33","date_gmt":"2018-12-16T19:27:33","guid":{"rendered":"http:\/\/enervation.eu\/?page_id=245"},"modified":"2019-10-04T14:30:09","modified_gmt":"2019-10-04T14:30:09","slug":"impressum","status":"publish","type":"page","link":"http:\/\/enervation.eu\/tr\/impressum\/","title":{"rendered":"Impressum"},"content":{"rendered":"<p>Universit\u00e4t Hildesheim<\/p>\n<p>L\u00fcbecker Stra\u00dfe 3<\/p>\n<p>31141 Hildesheim<\/p>","protected":false},"excerpt":{"rendered":"<p>Universit\u00e4t Hildesheim L\u00fcbecker Stra\u00dfe 3 31141 Hildesheim<\/p>","protected":false},"author":2,"featured_media":0,"parent":0,"menu_order":0,"comment_status":"closed","ping_status":"closed","template":"","meta":{"footnotes":""},"class_list":["post-245","page","type-page","status-publish","hentry"],"_links":{"self":[{"href":"http:\/\/enervation.eu\/tr\/wp-json\/wp\/v2\/pages\/245","targetHints":{"allow":["GET"]}}],"collection":[{"href":"http:\/\/enervation.eu\/tr\/wp-json\/wp\/v2\/pages"}],"about":[{"href":"http:\/\/enervation.eu\/tr\/wp-json\/wp\/v2\/types\/page"}],"author":[{"embeddable":true,"href":"http:\/\/enervation.eu\/tr\/wp-json\/wp\/v2\/users\/2"}],"replies":[{"embeddable":true,"href":"http:\/\/enervation.eu\/tr\/wp-json\/wp\/v2\/comments?post=245"}],"version-history":[{"count":2,"href":"http:\/\/enervation.eu\/tr\/wp-json\/wp\/v2\/pages\/245\/revisions"}],"predecessor-version":[{"id":1865,"href":"http:\/\/enervation.eu\/tr\/wp-json\/wp\/v2\/pages\/245\/revisions\/1865"}],"wp:attachment":[{"href":"http:\/\/enervation.eu\/tr\/wp-json\/wp\/v2\/media?parent=245"}],"curies":[{"name":"wp","href":"https:\/\/api.w.org\/{rel}","templated":true}]}}