{"id":302,"date":"2018-12-17T08:55:04","date_gmt":"2018-12-17T08:55:04","guid":{"rendered":"http:\/\/enervation.eu\/?page_id=302"},"modified":"2019-04-02T08:59:06","modified_gmt":"2019-04-02T08:59:06","slug":"projekt","status":"publish","type":"page","link":"http:\/\/enervation.eu\/tr\/projekt\/","title":{"rendered":"Projektbeschreibung"},"content":{"rendered":"<div id=\"pl-gb302-69d7555978959\"  class=\"panel-layout\" ><div id=\"pg-gb302-69d7555978959-0\"  class=\"panel-grid panel-has-style\" ><div style=\"padding: -30px 0; \" data-overlay=\"true\" data-overlay-color=\"#000000\" class=\"panel-row-style panel-row-style-for-gb302-69d7555978959-0\" ><div id=\"pgc-gb302-69d7555978959-0-0\"  class=\"panel-grid-cell\" ><div id=\"panel-gb302-69d7555978959-0-0-0\" class=\"so-panel widget widget_sow-editor panel-first-child\" data-index=\"0\" ><div style=\"text-align: left;\" data-title-color=\"#443f3f\" data-headings-color=\"#443f3f\" class=\"panel-widget-style panel-widget-style-for-gb302-69d7555978959-0-0-0\" ><div\n\t\t\t\n\t\t\tclass=\"so-widget-sow-editor so-widget-sow-editor-base\"\n\t\t\t\n\t\t>\n<div class=\"siteorigin-widget-tinymce textwidget\">\n\t<h4>Energie-Bewusstsein durch Transparenz, motivationale Systeme und Gamification (EnerVation)<\/h4>\n<h6>Mitarbeiterin: Lea W\u00f6bbekind<\/h6>\n<div id=\"c81406\" class=\"csc-default\">\n<h6 class=\"bodytext\">F\u00f6rderung: EFRE (Europ\u00e4ischer Fond f\u00fcr regionale Entwicklung)<\/h6>\n<h6 class=\"bodytext\">Partner: <a href=\"https:\/\/www.evi-hildesheim.de\/\">EVI Energieversorgung Hildesheim<\/a><\/h6>\n<\/div>\n<div id=\"c81406\" class=\"csc-default\">\n<div id=\"c81402\" class=\"csc-default\">\n<div>\n<p class=\"bodytext\">In Privathaushalten kann u.a. durch die innovative Gestaltung von Informationssystemen erheblich Energie eingespart werden. Durch motiva\u00adtionale Systeme k\u00f6nnen Verhaltens\u00ad\u00e4nderungen erreicht werden, wenn sie f\u00fcr den Anwendungsfall ad\u00e4quat gestaltet werden. Dies zeigen Forschungs\u00adar\u00adbeiten seit meh\u00adre\u00adren Jahren. Die wichtigsten eingesetzten Techniken sind neben allge\u00admeinen Verbesse\u00adrungen bei der Benutzerfreundlichkeit und der User Experience verbes\u00adsertes Feedback, die Schaffung von Transparenz \u00fcber den Verbrauch von Energie vor allem durch Visualisierung, den sozialen Vergleich mit anderen Verbrauchern oder anderen Situa\u00adtionen und die Einf\u00fchrung spielerischer Elemente (Gamification).<\/p>\n<\/div>\n<div>\n<p>&nbsp;<\/p>\n<\/div>\n<\/div>\n<\/div>\n<\/div>\n<\/div><\/div><\/div><div id=\"panel-gb302-69d7555978959-0-0-1\" class=\"so-panel widget widget_sow-editor panel-last-child\" data-index=\"1\" ><div style=\"text-align: left;\" data-title-color=\"#443f3f\" data-headings-color=\"#443f3f\" class=\"panel-widget-style panel-widget-style-for-gb302-69d7555978959-0-0-1\" ><div\n\t\t\t\n\t\t\tclass=\"so-widget-sow-editor so-widget-sow-editor-base\"\n\t\t\t\n\t\t>\n<div class=\"siteorigin-widget-tinymce textwidget\">\n\t<p class=\"bodytext\">Ziel des Projektes ist die \u00dcbertragung dieser bekannten und erforschten Verfahren der Usability und User Experience und zur Motivation auf Informationssysteme im Bereich Energieversorgung, in welchem diese bisher nicht zum Einsatz kommen. Somit wird das Potential von innovativen Mensch-Maschine Interaktionsverfahren noch nicht zur Darstellung des Innovationspotentials von Energie-Unternehmen und noch kaum zur Begleitung der Ziele der Energiewende eingesetzt.<\/p>\n<p>Weitere Informationen: <a href=\"https:\/\/www.uni-hildesheim.de\/fb3\/institute\/iwist\/forschung\/forschungsprojekte\/aktuelle-forschungsprojekte\/energie-bewusstsein-durch-transparenz-motivationale-systeme-und-gamification-enervation\/\" target=\"_blank\" rel=\"noopener\">Hier<\/a><\/p>\n<\/div>\n<\/div><\/div><\/div><\/div><\/div><\/div><\/div>","protected":false},"excerpt":{"rendered":"<p>Energie-Bewusstsein durch Transparenz, motivationale Systeme und Gamification (EnerVation) Mitarbeiterin: Lea W\u00f6bbekind F\u00f6rderung: EFRE (Europ\u00e4ischer Fond f\u00fcr regionale Entwicklung) Partner: EVI Energieversorgung Hildesheim In Privathaushalten kann u.a. durch die innovative Gestaltung von Informationssystemen erheblich Energie eingespart werden. Durch motiva\u00adtionale Systeme k\u00f6nnen Verhaltens\u00ad\u00e4nderungen erreicht werden, wenn sie f\u00fcr den Anwendungsfall ad\u00e4quat gestaltet werden. Dies zeigen Forschungs\u00adar\u00adbeiten seit meh\u00adre\u00adren Jahren. Die wichtigsten eingesetzten [&hellip;]<\/p>\n","protected":false},"author":2,"featured_media":0,"parent":0,"menu_order":0,"comment_status":"closed","ping_status":"closed","template":"","meta":{"footnotes":""},"class_list":["post-302","page","type-page","status-publish","hentry"],"_links":{"self":[{"href":"http:\/\/enervation.eu\/tr\/wp-json\/wp\/v2\/pages\/302","targetHints":{"allow":["GET"]}}],"collection":[{"href":"http:\/\/enervation.eu\/tr\/wp-json\/wp\/v2\/pages"}],"about":[{"href":"http:\/\/enervation.eu\/tr\/wp-json\/wp\/v2\/types\/page"}],"author":[{"embeddable":true,"href":"http:\/\/enervation.eu\/tr\/wp-json\/wp\/v2\/users\/2"}],"replies":[{"embeddable":true,"href":"http:\/\/enervation.eu\/tr\/wp-json\/wp\/v2\/comments?post=302"}],"version-history":[{"count":18,"href":"http:\/\/enervation.eu\/tr\/wp-json\/wp\/v2\/pages\/302\/revisions"}],"predecessor-version":[{"id":1423,"href":"http:\/\/enervation.eu\/tr\/wp-json\/wp\/v2\/pages\/302\/revisions\/1423"}],"wp:attachment":[{"href":"http:\/\/enervation.eu\/tr\/wp-json\/wp\/v2\/media?parent=302"}],"curies":[{"name":"wp","href":"https:\/\/api.w.org\/{rel}","templated":true}]}}