{"id":87,"date":"2018-12-15T16:32:12","date_gmt":"2018-12-15T16:32:12","guid":{"rendered":"http:\/\/enervation.eu\/?page_id=87"},"modified":"2020-03-04T14:12:33","modified_gmt":"2020-03-04T14:12:33","slug":"startseite","status":"publish","type":"page","link":"http:\/\/enervation.eu\/tr\/","title":{"rendered":"Werde zum Energie-Sparer!"},"content":{"rendered":"<div id=\"pl-gb87-69d755514d169\"  class=\"panel-layout\" ><div id=\"pg-gb87-69d755514d169-0\"  class=\"panel-grid panel-has-style\" ><div style=\"padding: 100px 0; \" data-overlay=\"true\" data-overlay-color=\"#000000\" class=\"panel-row-style panel-row-style-for-gb87-69d755514d169-0\" ><div id=\"pgc-gb87-69d755514d169-0-0\"  class=\"panel-grid-cell\" ><div id=\"panel-gb87-69d755514d169-0-0-0\" class=\"so-panel widget widget_sow-editor panel-first-child\" data-index=\"0\" ><div style=\"text-align: left;\" data-title-color=\"#443f3f\" data-headings-color=\"#443f3f\" class=\"panel-widget-style panel-widget-style-for-gb87-69d755514d169-0-0-0\" ><div\n\t\t\t\n\t\t\tclass=\"so-widget-sow-editor so-widget-sow-editor-base\"\n\t\t\t\n\t\t>\n<div class=\"siteorigin-widget-tinymce textwidget\">\n\t<p>Wer weniger Energie verbraucht, spart Geld und schont die Umwelt. Energie sparen kann ganz einfach sein. Es gibt viele und einfache M\u00f6glichkeiten, mit denen Strom, Wasser und W\u00e4rme eingespart werden kann. Wie einfach es ist, zeigen wir dir auf dieser Seite.<\/p>\n<p>W\u00e4hle den passenden Bereich aus und erfahre mehr:<\/p>\n<\/div>\n<\/div><\/div><\/div><div id=\"panel-gb87-69d755514d169-0-0-1\" class=\"so-panel widget widget_sow-image panel-last-child\" data-index=\"1\" ><div style=\"text-align: left;\" data-title-color=\"#443f3f\" data-headings-color=\"#443f3f\" class=\"panel-widget-style panel-widget-style-for-gb87-69d755514d169-0-0-1\" ><div\n\t\t\t\n\t\t\tclass=\"so-widget-sow-image so-widget-sow-image-default-8b5b6f678277-87\"\n\t\t\t\n\t\t>\n<div class=\"sow-image-container\">\n\t\t<img fetchpriority=\"high\" \n\tsrc=\"http:\/\/enervation.eu\/wp-content\/uploads\/2020\/02\/green-1974056_1920.png\" width=\"1920\" height=\"551\" srcset=\"http:\/\/enervation.eu\/wp-content\/uploads\/2020\/02\/green-1974056_1920.png 1920w, http:\/\/enervation.eu\/wp-content\/uploads\/2020\/02\/green-1974056_1920-300x86.png 300w, http:\/\/enervation.eu\/wp-content\/uploads\/2020\/02\/green-1974056_1920-1024x294.png 1024w, http:\/\/enervation.eu\/wp-content\/uploads\/2020\/02\/green-1974056_1920-768x220.png 768w, http:\/\/enervation.eu\/wp-content\/uploads\/2020\/02\/green-1974056_1920-1536x441.png 1536w, http:\/\/enervation.eu\/wp-content\/uploads\/2020\/02\/green-1974056_1920-830x238.png 830w, http:\/\/enervation.eu\/wp-content\/uploads\/2020\/02\/green-1974056_1920-230x66.png 230w, http:\/\/enervation.eu\/wp-content\/uploads\/2020\/02\/green-1974056_1920-350x100.png 350w, http:\/\/enervation.eu\/wp-content\/uploads\/2020\/02\/green-1974056_1920-480x138.png 480w\" sizes=\"(max-width: 1920px) 100vw, 1920px\" alt=\"\" \t\tclass=\"so-widget-image\"\/>\n\t<\/div>\n\n<\/div><\/div><\/div><\/div><\/div><\/div><div id=\"pg-gb87-69d755514d169-1\"  class=\"panel-grid panel-has-style\" ><div style=\"padding: 100px 0; \" data-overlay=\"true\" data-overlay-color=\"#000000\" class=\"panel-row-style panel-row-style-for-gb87-69d755514d169-1\" ><div id=\"pgc-gb87-69d755514d169-1-0\"  class=\"panel-grid-cell\" ><div id=\"panel-gb87-69d755514d169-1-0-0\" class=\"so-panel widget widget_sow-editor panel-first-child\" data-index=\"2\" ><div style=\"text-align: left;\" data-title-color=\"#443f3f\" data-headings-color=\"#443f3f\" class=\"panel-widget-style panel-widget-style-for-gb87-69d755514d169-1-0-0\" ><div\n\t\t\t\n\t\t\tclass=\"so-widget-sow-editor so-widget-sow-editor-base\"\n\t\t\t\n\t\t><h3 class=\"widget-title\">F\u00fcr Kinder<\/h3>\n<div class=\"siteorigin-widget-tinymce textwidget\">\n\t<\/div>\n<\/div><\/div><\/div><div id=\"panel-gb87-69d755514d169-1-0-1\" class=\"so-panel widget widget_sow-image\" data-index=\"3\" ><div class=\"wow bounce panel-widget-style panel-widget-style-for-gb87-69d755514d169-1-0-1\" style=\"text-align: left;\" data-wow-duration=\"3s\" data-wow-offset=\"10\" data-wow-iteration=\"1\" data-title-color=\"#443f3f\" data-headings-color=\"#443f3f\" ><div\n\t\t\t\n\t\t\tclass=\"so-widget-sow-image so-widget-sow-image-default-8b5b6f678277-87\"\n\t\t\t\n\t\t>\n<div class=\"sow-image-container\">\n\t\t\t<a href=\"http:\/\/enervation.eu\/tr\/uebersicht\/\"\n\t\t\t\t\t>\n\t\t\t<img \n\tsrc=\"http:\/\/enervation.eu\/wp-content\/uploads\/2020\/02\/children-593313_1920-768x512.jpg\" width=\"768\" height=\"512\" srcset=\"http:\/\/enervation.eu\/wp-content\/uploads\/2020\/02\/children-593313_1920-768x512.jpg 768w, http:\/\/enervation.eu\/wp-content\/uploads\/2020\/02\/children-593313_1920-300x200.jpg 300w, http:\/\/enervation.eu\/wp-content\/uploads\/2020\/02\/children-593313_1920-1024x683.jpg 1024w, http:\/\/enervation.eu\/wp-content\/uploads\/2020\/02\/children-593313_1920-1536x1024.jpg 1536w, http:\/\/enervation.eu\/wp-content\/uploads\/2020\/02\/children-593313_1920-830x553.jpg 830w, http:\/\/enervation.eu\/wp-content\/uploads\/2020\/02\/children-593313_1920-230x153.jpg 230w, http:\/\/enervation.eu\/wp-content\/uploads\/2020\/02\/children-593313_1920-350x233.jpg 350w, http:\/\/enervation.eu\/wp-content\/uploads\/2020\/02\/children-593313_1920-480x320.jpg 480w, http:\/\/enervation.eu\/wp-content\/uploads\/2020\/02\/children-593313_1920-272x182.jpg 272w, http:\/\/enervation.eu\/wp-content\/uploads\/2020\/02\/children-593313_1920.jpg 1920w\" sizes=\"(max-width: 768px) 100vw, 768px\" title=\"Spiele und mehr\" alt=\"\" \t\tclass=\"so-widget-image\"\/>\n\t\t\t<\/a><\/div>\n\n<\/div><\/div><\/div><div id=\"panel-gb87-69d755514d169-1-0-2\" class=\"so-panel widget widget_sow-button panel-last-child\" data-index=\"4\" ><div style=\"text-align: left;\" data-title-color=\"#443f3f\" data-headings-color=\"#443f3f\" class=\"panel-widget-style panel-widget-style-for-gb87-69d755514d169-1-0-2\" ><div\n\t\t\t\n\t\t\tclass=\"so-widget-sow-button so-widget-sow-button-wire-58bc57659d2a-87\"\n\t\t\t\n\t\t><div class=\"ow-button-base ow-button-align-center\"\n>\n\t\t\t<a\n\t\t\t\t\thref=\"http:\/\/enervation.eu\/tr\/uebersicht\/\"\n\t\t\t\t\tclass=\"sowb-button ow-icon-placement-left ow-button-hover\" \t>\n\t\t<span>\n\t\t\t<span class=\"sow-icon-fontawesome sow-fas\" data-sow-icon=\"&#xf061;\"\n\t\tstyle=\"color: #b9dce8\" \n\t\taria-hidden=\"true\"><\/span>\n\t\t\tLos geht\u00b4s\t\t<\/span>\n\t\t\t<\/a>\n\t<\/div>\n<\/div><\/div><\/div><\/div><div id=\"pgc-gb87-69d755514d169-1-1\"  class=\"panel-grid-cell\" ><div id=\"panel-gb87-69d755514d169-1-1-0\" class=\"so-panel widget widget_sow-editor panel-first-child\" data-index=\"5\" ><div style=\"text-align: left;\" data-title-color=\"#443f3f\" data-headings-color=\"#443f3f\" class=\"panel-widget-style panel-widget-style-for-gb87-69d755514d169-1-1-0\" ><div\n\t\t\t\n\t\t\tclass=\"so-widget-sow-editor so-widget-sow-editor-base\"\n\t\t\t\n\t\t><h3 class=\"widget-title\">F\u00fcr Erwachsene<\/h3>\n<div class=\"siteorigin-widget-tinymce textwidget\">\n\t<\/div>\n<\/div><\/div><\/div><div id=\"panel-gb87-69d755514d169-1-1-1\" class=\"so-panel widget widget_sow-image\" data-index=\"6\" ><div class=\"wow bounce panel-widget-style panel-widget-style-for-gb87-69d755514d169-1-1-1\" style=\"text-align: left;\" data-wow-duration=\"3s\" data-wow-delay=\"3s\" data-wow-offset=\"10\" data-wow-iteration=\"1\" data-title-color=\"#443f3f\" data-headings-color=\"#443f3f\" ><div\n\t\t\t\n\t\t\tclass=\"so-widget-sow-image so-widget-sow-image-default-8b5b6f678277-87\"\n\t\t\t\n\t\t>\n<div class=\"sow-image-container\">\n\t\t\t<a href=\"http:\/\/enervation.eu\/tr\/uebersicht-2\/\"\n\t\t\t\t\t>\n\t\t\t<img \n\tsrc=\"http:\/\/enervation.eu\/wp-content\/uploads\/2020\/02\/office-1081807_1920-768x513.jpg\" width=\"768\" height=\"513\" srcset=\"http:\/\/enervation.eu\/wp-content\/uploads\/2020\/02\/office-1081807_1920-768x513.jpg 768w, http:\/\/enervation.eu\/wp-content\/uploads\/2020\/02\/office-1081807_1920-300x200.jpg 300w, http:\/\/enervation.eu\/wp-content\/uploads\/2020\/02\/office-1081807_1920-1024x684.jpg 1024w, http:\/\/enervation.eu\/wp-content\/uploads\/2020\/02\/office-1081807_1920-1536x1026.jpg 1536w, http:\/\/enervation.eu\/wp-content\/uploads\/2020\/02\/office-1081807_1920-830x554.jpg 830w, http:\/\/enervation.eu\/wp-content\/uploads\/2020\/02\/office-1081807_1920-230x154.jpg 230w, http:\/\/enervation.eu\/wp-content\/uploads\/2020\/02\/office-1081807_1920-350x234.jpg 350w, http:\/\/enervation.eu\/wp-content\/uploads\/2020\/02\/office-1081807_1920-480x321.jpg 480w, http:\/\/enervation.eu\/wp-content\/uploads\/2020\/02\/office-1081807_1920-272x182.jpg 272w, http:\/\/enervation.eu\/wp-content\/uploads\/2020\/02\/office-1081807_1920.jpg 1920w\" sizes=\"(max-width: 768px) 100vw, 768px\" title=\"Spiele und mehr\" alt=\"\" \t\tclass=\"so-widget-image\"\/>\n\t\t\t<\/a><\/div>\n\n<\/div><\/div><\/div><div id=\"panel-gb87-69d755514d169-1-1-2\" class=\"so-panel widget widget_sow-button panel-last-child\" data-index=\"7\" ><div style=\"text-align: left;\" data-title-color=\"#443f3f\" data-headings-color=\"#443f3f\" class=\"panel-widget-style panel-widget-style-for-gb87-69d755514d169-1-1-2\" ><div\n\t\t\t\n\t\t\tclass=\"so-widget-sow-button so-widget-sow-button-wire-58bc57659d2a-87\"\n\t\t\t\n\t\t><div class=\"ow-button-base ow-button-align-center\"\n>\n\t\t\t<a\n\t\t\t\t\thref=\"http:\/\/enervation.eu\/tr\/uebersicht-2\/\"\n\t\t\t\t\tclass=\"sowb-button ow-icon-placement-left ow-button-hover\" \t>\n\t\t<span>\n\t\t\t<span class=\"sow-icon-fontawesome sow-fas\" data-sow-icon=\"&#xf061;\"\n\t\tstyle=\"color: #b9dce8\" \n\t\taria-hidden=\"true\"><\/span>\n\t\t\tLos geht\u00b4s\t\t<\/span>\n\t\t\t<\/a>\n\t<\/div>\n<\/div><\/div><\/div><\/div><\/div><\/div><div id=\"pg-gb87-69d755514d169-2\"  class=\"panel-grid panel-has-style\" ><div style=\"padding: 0px 0; \" data-overlay=\"true\" data-overlay-color=\"#000000\" class=\"panel-row-style panel-row-style-for-gb87-69d755514d169-2\" ><div id=\"pgc-gb87-69d755514d169-2-0\"  class=\"panel-grid-cell\" ><div id=\"panel-gb87-69d755514d169-2-0-0\" class=\"so-panel widget widget_sow-image panel-first-child panel-last-child\" data-index=\"8\" ><div style=\"text-align: left;\" data-title-color=\"#443f3f\" data-headings-color=\"#443f3f\" class=\"panel-widget-style panel-widget-style-for-gb87-69d755514d169-2-0-0\" ><div\n\t\t\t\n\t\t\tclass=\"so-widget-sow-image so-widget-sow-image-default-113ccd71f3e6-87\"\n\t\t\t\n\t\t>\n<div class=\"sow-image-container\">\n\t\t<img loading=\"lazy\" \n\tsrc=\"http:\/\/enervation.eu\/wp-content\/uploads\/2019\/01\/Haus_Startseite-230x273.png\" width=\"230\" height=\"273\" srcset=\"http:\/\/enervation.eu\/wp-content\/uploads\/2019\/01\/Haus_Startseite-230x273.png 230w, http:\/\/enervation.eu\/wp-content\/uploads\/2019\/01\/Haus_Startseite-253x300.png 253w, http:\/\/enervation.eu\/wp-content\/uploads\/2019\/01\/Haus_Startseite-350x416.png 350w, http:\/\/enervation.eu\/wp-content\/uploads\/2019\/01\/Haus_Startseite-480x570.png 480w, http:\/\/enervation.eu\/wp-content\/uploads\/2019\/01\/Haus_Startseite-e1551088414930.png 200w\" sizes=\"(max-width: 230px) 100vw, 230px\" title=\"Haus_Startseite\" alt=\"\" \t\tclass=\"so-widget-image\"\/>\n\t<\/div>\n\n<\/div><\/div><\/div><\/div><\/div><\/div><\/div>","protected":false},"excerpt":{"rendered":"<p>Wer weniger Energie verbraucht, spart Geld und schont die Umwelt. Energie sparen kann ganz einfach sein. Es gibt viele und einfache M\u00f6glichkeiten, mit denen Strom, Wasser und W\u00e4rme eingespart werden kann. Wie einfach es ist, zeigen wir dir auf dieser Seite. W\u00e4hle den passenden Bereich aus und erfahre mehr:<\/p>","protected":false},"author":2,"featured_media":0,"parent":0,"menu_order":0,"comment_status":"closed","ping_status":"closed","template":"page-templates\/page_front-page.php","meta":{"footnotes":""},"class_list":["post-87","page","type-page","status-publish","hentry"],"_links":{"self":[{"href":"http:\/\/enervation.eu\/tr\/wp-json\/wp\/v2\/pages\/87","targetHints":{"allow":["GET"]}}],"collection":[{"href":"http:\/\/enervation.eu\/tr\/wp-json\/wp\/v2\/pages"}],"about":[{"href":"http:\/\/enervation.eu\/tr\/wp-json\/wp\/v2\/types\/page"}],"author":[{"embeddable":true,"href":"http:\/\/enervation.eu\/tr\/wp-json\/wp\/v2\/users\/2"}],"replies":[{"embeddable":true,"href":"http:\/\/enervation.eu\/tr\/wp-json\/wp\/v2\/comments?post=87"}],"version-history":[{"count":280,"href":"http:\/\/enervation.eu\/tr\/wp-json\/wp\/v2\/pages\/87\/revisions"}],"predecessor-version":[{"id":2441,"href":"http:\/\/enervation.eu\/tr\/wp-json\/wp\/v2\/pages\/87\/revisions\/2441"}],"wp:attachment":[{"href":"http:\/\/enervation.eu\/tr\/wp-json\/wp\/v2\/media?parent=87"}],"curies":[{"name":"wp","href":"https:\/\/api.w.org\/{rel}","templated":true}]}}