{"id":99,"date":"2018-12-15T16:36:53","date_gmt":"2018-12-15T16:36:53","guid":{"rendered":"http:\/\/enervation.eu\/?page_id=99"},"modified":"2020-12-07T16:51:25","modified_gmt":"2020-12-07T16:51:25","slug":"quizze","status":"publish","type":"page","link":"http:\/\/enervation.eu\/tr\/quizze\/","title":{"rendered":"Spielen"},"content":{"rendered":"<div id=\"pl-gb99-69d7557a8ddd7\"  class=\"panel-layout\" ><div id=\"pg-gb99-69d7557a8ddd7-0\"  class=\"panel-grid panel-has-style\" ><div style=\"padding: 100px 0; \" data-overlay=\"true\" data-overlay-color=\"#000000\" class=\"panel-row-style panel-row-style-for-gb99-69d7557a8ddd7-0\" ><div id=\"pgc-gb99-69d7557a8ddd7-0-0\"  class=\"panel-grid-cell panel-grid-cell-empty\" ><\/div><div id=\"pgc-gb99-69d7557a8ddd7-0-1\"  class=\"panel-grid-cell panel-grid-cell-empty\" ><\/div><div id=\"pgc-gb99-69d7557a8ddd7-0-2\"  class=\"panel-grid-cell\" ><div id=\"panel-gb99-69d7557a8ddd7-0-2-0\" class=\"so-panel widget widget_sow-button panel-first-child panel-last-child\" data-index=\"0\" ><div style=\"text-align: left;\" data-title-color=\"#443f3f\" data-headings-color=\"#443f3f\" class=\"panel-widget-style panel-widget-style-for-gb99-69d7557a8ddd7-0-2-0\" ><div\n\t\t\t\n\t\t\tclass=\"so-widget-sow-button so-widget-sow-button-wire-c4dc20684c65-99\"\n\t\t\t\n\t\t><div class=\"ow-button-base ow-button-align-center\"\n>\n\t\t\t<a\n\t\t\t\t\thref=\"http:\/\/enervation.eu\/tr\/tuerkisch\/\"\n\t\t\t\t\tclass=\"sowb-button ow-icon-placement-right ow-button-hover\" \t>\n\t\t<span>\n\t\t\t\t\t\t\t<div class=\"sow-icon-image\" style=\"background-image: url(http:\/\/enervation.eu\/wp-content\/uploads\/2020\/02\/turkey-150x150.png)\"><\/div>\n\t\t\t\t\n\t\t\tT\u00fcrkisch\t\t<\/span>\n\t\t\t<\/a>\n\t<\/div>\n<\/div><\/div><\/div><\/div><\/div><\/div><div id=\"pg-gb99-69d7557a8ddd7-1\"  class=\"panel-grid panel-has-style\" ><div style=\"padding: -70px 0; \" data-overlay=\"true\" data-overlay-color=\"#000000\" class=\"panel-row-style panel-row-style-for-gb99-69d7557a8ddd7-1\" ><div id=\"pgc-gb99-69d7557a8ddd7-1-0\"  class=\"panel-grid-cell\" ><div id=\"panel-gb99-69d7557a8ddd7-1-0-0\" class=\"so-panel widget widget_sow-editor panel-first-child panel-last-child\" data-index=\"1\" ><div style=\"text-align: left;\" data-title-color=\"#443f3f\" data-headings-color=\"#443f3f\" class=\"panel-widget-style panel-widget-style-for-gb99-69d7557a8ddd7-1-0-0\" ><div\n\t\t\t\n\t\t\tclass=\"so-widget-sow-editor so-widget-sow-editor-base\"\n\t\t\t\n\t\t>\n<div class=\"siteorigin-widget-tinymce textwidget\">\n\t<p>Hier bekommst du nochmal spannende Informationen zu den Themen Wasser und Energie. Au\u00dferdem findest du einige Quiz und R\u00e4tsel, die du gemeinsam mit deinen Freunden l\u00f6sen kannst. Viel Spa\u00df dabei!<\/p>\n<p>Beginne mit dem ersten Quiz:<\/p>\n<p>&nbsp;<\/p>\n<\/div>\n<\/div><\/div><\/div><\/div><\/div><\/div><div id=\"pg-gb99-69d7557a8ddd7-2\"  class=\"panel-grid panel-has-style\" ><div style=\"padding: -30px 0; \" data-overlay=\"true\" data-overlay-color=\"#000000\" class=\"panel-row-style panel-row-style-for-gb99-69d7557a8ddd7-2\" ><div id=\"pgc-gb99-69d7557a8ddd7-2-0\"  class=\"panel-grid-cell\" ><div id=\"panel-gb99-69d7557a8ddd7-2-0-0\" class=\"so-panel widget widget_sow-editor panel-first-child panel-last-child\" data-index=\"2\" ><div style=\"text-align: left;\" data-title-color=\"#443f3f\" data-headings-color=\"#443f3f\" class=\"panel-widget-style panel-widget-style-for-gb99-69d7557a8ddd7-2-0-0\" ><div\n\t\t\t\n\t\t\tclass=\"so-widget-sow-editor so-widget-sow-editor-base\"\n\t\t\t\n\t\t>\n<div class=\"siteorigin-widget-tinymce textwidget\">\n\t<p><img fetchpriority=\"high\" decoding=\"async\" class=\"size-full wp-image-1175 aligncenter\" src=\"http:\/\/enervation.eu\/wp-content\/uploads\/2019\/03\/LogoMakr_4AAt9L.png\" alt=\"\" width=\"600\" height=\"446\" srcset=\"http:\/\/enervation.eu\/wp-content\/uploads\/2019\/03\/LogoMakr_4AAt9L.png 600w, http:\/\/enervation.eu\/wp-content\/uploads\/2019\/03\/LogoMakr_4AAt9L-300x223.png 300w, http:\/\/enervation.eu\/wp-content\/uploads\/2019\/03\/LogoMakr_4AAt9L-230x171.png 230w, http:\/\/enervation.eu\/wp-content\/uploads\/2019\/03\/LogoMakr_4AAt9L-350x260.png 350w, http:\/\/enervation.eu\/wp-content\/uploads\/2019\/03\/LogoMakr_4AAt9L-480x357.png 480w\" sizes=\"(max-width: 600px) 100vw, 600px\" \/><\/p>\n<\/div>\n<\/div><\/div><\/div><\/div><\/div><\/div><div id=\"pg-gb99-69d7557a8ddd7-3\"  class=\"panel-grid panel-has-style\" ><div style=\"padding: 30px 0; \" data-overlay=\"true\" data-overlay-color=\"#000000\" class=\"panel-row-style panel-row-style-for-gb99-69d7557a8ddd7-3\" ><div id=\"pgc-gb99-69d7557a8ddd7-3-0\"  class=\"panel-grid-cell\" ><div id=\"panel-gb99-69d7557a8ddd7-3-0-0\" class=\"so-panel widget widget_sow-image panel-first-child\" data-index=\"3\" ><div class=\"wow bounce panel-widget-style panel-widget-style-for-gb99-69d7557a8ddd7-3-0-0\" style=\"text-align: left;\" data-wow-duration=\"3s\" data-wow-delay=\"2s\" data-wow-offset=\"10\" data-wow-iteration=\"1\" data-title-color=\"#443f3f\" data-headings-color=\"#443f3f\" ><div\n\t\t\t\n\t\t\tclass=\"so-widget-sow-image so-widget-sow-image-default-c67d20f9f743-99\"\n\t\t\t\n\t\t>\n<div class=\"sow-image-container\">\n\t\t\t<a href=\"http:\/\/enervation.eu\/tr\/quizze\/464-2\/\"\n\t\t\t\t\t>\n\t\t\t<img \n\tsrc=\"http:\/\/enervation.eu\/wp-content\/uploads\/2019\/02\/bad-150x150.png\" width=\"150\" height=\"150\" srcset=\"http:\/\/enervation.eu\/wp-content\/uploads\/2019\/02\/bad-150x150.png 150w, http:\/\/enervation.eu\/wp-content\/uploads\/2019\/02\/bad-300x300.png 300w, http:\/\/enervation.eu\/wp-content\/uploads\/2019\/02\/bad-230x230.png 230w, http:\/\/enervation.eu\/wp-content\/uploads\/2019\/02\/bad-350x350.png 350w, http:\/\/enervation.eu\/wp-content\/uploads\/2019\/02\/bad-480x480.png 480w, http:\/\/enervation.eu\/wp-content\/uploads\/2019\/02\/bad.png 600w\" sizes=\"(max-width: 150px) 100vw, 150px\" alt=\"\" \t\tclass=\"so-widget-image\"\/>\n\t\t\t<\/a><\/div>\n\n<\/div><\/div><\/div><div id=\"panel-gb99-69d7557a8ddd7-3-0-1\" class=\"so-panel widget widget_sow-button panel-last-child\" data-index=\"4\" ><div style=\"text-align: left;\" data-title-color=\"#443f3f\" data-headings-color=\"#443f3f\" class=\"panel-widget-style panel-widget-style-for-gb99-69d7557a8ddd7-3-0-1\" ><div\n\t\t\t\n\t\t\tclass=\"so-widget-sow-button so-widget-sow-button-wire-acba497b7b64-99\"\n\t\t\t\n\t\t><div class=\"ow-button-base ow-button-align-justify\"\n style=\"display: block;\">\n\t\t\t<a\n\t\t\t\t\thref=\"http:\/\/enervation.eu\/tr\/quizze\/464-2\/\"\n\t\t\t\t\tclass=\"sowb-button ow-icon-placement-top ow-button-hover\" \t>\n\t\t<span>\n\t\t\t\n\t\t\tBadezimmer\t\t<\/span>\n\t\t\t<\/a>\n\t<\/div>\n<\/div><\/div><\/div><\/div><\/div><\/div><div id=\"pg-gb99-69d7557a8ddd7-4\"  class=\"panel-grid panel-has-style\" ><div style=\"padding: 100px 0; \" data-overlay=\"true\" data-overlay-color=\"#000000\" class=\"panel-row-style panel-row-style-for-gb99-69d7557a8ddd7-4\" ><div id=\"pgc-gb99-69d7557a8ddd7-4-0\"  class=\"panel-grid-cell\" ><div id=\"panel-gb99-69d7557a8ddd7-4-0-0\" class=\"so-panel widget widget_sow-editor panel-first-child panel-last-child\" data-index=\"5\" ><div style=\"text-align: left;\" data-title-color=\"#443f3f\" data-headings-color=\"#443f3f\" class=\"panel-widget-style panel-widget-style-for-gb99-69d7557a8ddd7-4-0-0\" ><div\n\t\t\t\n\t\t\tclass=\"so-widget-sow-editor so-widget-sow-editor-base\"\n\t\t\t\n\t\t>\n<div class=\"siteorigin-widget-tinymce textwidget\">\n\t<h6><\/h6>\n<h6><\/h6>\n<h6><\/h6>\n<h6><\/h6>\n<h6><\/h6>\n<h6><\/h6>\n<h6><span style=\"color: #999999;\">Icons used from logomakr.com<\/span><\/h6>\n<\/div>\n<\/div><\/div><\/div><\/div><\/div><\/div><\/div>\n\n\n<p><\/p>","protected":false},"excerpt":{"rendered":"<p>Hier bekommst du nochmal spannende Informationen zu den Themen Wasser und Energie. Au\u00dferdem findest du einige Quiz und R\u00e4tsel, die du gemeinsam mit deinen Freunden l\u00f6sen kannst. Viel Spa\u00df dabei! Beginne mit dem ersten Quiz: &nbsp;<\/p>","protected":false},"author":2,"featured_media":0,"parent":0,"menu_order":0,"comment_status":"closed","ping_status":"closed","template":"","meta":{"footnotes":""},"class_list":["post-99","page","type-page","status-publish","hentry"],"_links":{"self":[{"href":"http:\/\/enervation.eu\/tr\/wp-json\/wp\/v2\/pages\/99","targetHints":{"allow":["GET"]}}],"collection":[{"href":"http:\/\/enervation.eu\/tr\/wp-json\/wp\/v2\/pages"}],"about":[{"href":"http:\/\/enervation.eu\/tr\/wp-json\/wp\/v2\/types\/page"}],"author":[{"embeddable":true,"href":"http:\/\/enervation.eu\/tr\/wp-json\/wp\/v2\/users\/2"}],"replies":[{"embeddable":true,"href":"http:\/\/enervation.eu\/tr\/wp-json\/wp\/v2\/comments?post=99"}],"version-history":[{"count":138,"href":"http:\/\/enervation.eu\/tr\/wp-json\/wp\/v2\/pages\/99\/revisions"}],"predecessor-version":[{"id":2532,"href":"http:\/\/enervation.eu\/tr\/wp-json\/wp\/v2\/pages\/99\/revisions\/2532"}],"wp:attachment":[{"href":"http:\/\/enervation.eu\/tr\/wp-json\/wp\/v2\/media?parent=99"}],"curies":[{"name":"wp","href":"https:\/\/api.w.org\/{rel}","templated":true}]}}